{"id":2049,"date":"2024-04-17T10:19:01","date_gmt":"2024-04-17T08:19:01","guid":{"rendered":"https:\/\/coach4you.life\/?page_id=2049"},"modified":"2024-04-17T10:23:01","modified_gmt":"2024-04-17T08:23:01","slug":"avviso-legale","status":"publish","type":"page","link":"https:\/\/coach4you.life\/fr\/avviso-legale\/","title":{"rendered":"Mentions l\u00e9gales"},"content":{"rendered":"\t\t<div data-elementor-type=\"wp-post\" data-elementor-id=\"2049\" class=\"elementor elementor-2049\">\n\t\t\t\t\t\t<section class=\"elementor-section elementor-top-section elementor-element elementor-element-7527e23a elementor-section-height-min-height elementor-section-boxed elementor-section-height-default elementor-section-items-middle\" data-id=\"7527e23a\" data-element_type=\"section\" id=\"home\" data-settings=\"{&quot;background_background&quot;:&quot;classic&quot;,&quot;shape_divider_bottom&quot;:&quot;mountains&quot;}\">\n\t\t\t\t\t\t\t<div class=\"elementor-background-overlay\"><\/div>\n\t\t\t\t\t\t<div class=\"elementor-shape elementor-shape-bottom\" aria-hidden=\"true\" data-negative=\"false\">\n\t\t\t<svg xmlns=\"http:\/\/www.w3.org\/2000\/svg\" viewBox=\"0 0 1000 100\" preserveAspectRatio=\"none\">\n\t<path class=\"elementor-shape-fill\" opacity=\"0.33\" d=\"M473,67.3c-203.9,88.3-263.1-34-320.3,0C66,119.1,0,59.7,0,59.7V0h1000v59.7 c0,0-62.1,26.1-94.9,29.3c-32.8,3.3-62.8-12.3-75.8-22.1C806,49.6,745.3,8.7,694.9,4.7S492.4,59,473,67.3z\"\/>\n\t<path class=\"elementor-shape-fill\" opacity=\"0.66\" d=\"M734,67.3c-45.5,0-77.2-23.2-129.1-39.1c-28.6-8.7-150.3-10.1-254,39.1 s-91.7-34.4-149.2,0C115.7,118.3,0,39.8,0,39.8V0h1000v36.5c0,0-28.2-18.5-92.1-18.5C810.2,18.1,775.7,67.3,734,67.3z\"\/>\n\t<path class=\"elementor-shape-fill\" d=\"M766.1,28.9c-200-57.5-266,65.5-395.1,19.5C242,1.8,242,5.4,184.8,20.6C128,35.8,132.3,44.9,89.9,52.5C28.6,63.7,0,0,0,0 h1000c0,0-9.9,40.9-83.6,48.1S829.6,47,766.1,28.9z\"\/>\n<\/svg>\t\t<\/div>\n\t\t\t\t\t<div class=\"elementor-container elementor-column-gap-default\">\n\t\t\t\t\t<div class=\"elementor-column elementor-col-100 elementor-top-column elementor-element elementor-element-46e3c576\" data-id=\"46e3c576\" data-element_type=\"column\">\n\t\t\t<div class=\"elementor-widget-wrap elementor-element-populated\">\n\t\t\t\t\t\t<div class=\"elementor-element elementor-element-e471c8d uael-dual-heading-align-center elementor-widget elementor-widget-uael-dual-color-heading\" data-id=\"e471c8d\" data-element_type=\"widget\" data-widget_type=\"uael-dual-color-heading.default\">\n\t\t\t\t<div class=\"elementor-widget-container\">\n\t\t\t\t\t\t\t\t\t<div class=\"uael-module-content uael-dual-color-heading uael-dual-heading-fill-yes uael-heading-stack-tablet\">\n\t\t\t<h1>\n\t\t\t\t\t\t\t\t\t\t\t\t\t\t\t\t<span class=\"uael-before-heading\"><span class=\"elementor-inline-editing uael-dual-heading-text uael-first-text\" data-elementor-setting-key=\"before_heading_text\" data-elementor-inline-editing-toolbar=\"basic\">Avviso legale<\/span><\/span><span class=\"uael-adv-heading-stack\"><span class=\"elementor-inline-editing uael-dual-heading-text uael-highlight-text\" data-elementor-setting-key=\"second_heading_text\" data-elementor-inline-editing-toolbar=\"basic\"><\/span><\/span>\t\t\t\t\t\t\t\t\t\t\t\t\t<\/h1>\n\t\t<\/div>\n\t\t\t\t\t\t<\/div>\n\t\t\t\t<\/div>\n\t\t\t\t\t<\/div>\n\t\t<\/div>\n\t\t\t\t\t<\/div>\n\t\t<\/section>\n\t\t<div class=\"elementor-element elementor-element-898d8e6 e-flex e-con-boxed e-con e-parent\" data-id=\"898d8e6\" data-element_type=\"container\">\n\t\t\t\t\t<div class=\"e-con-inner\">\n\t\t\t\t<div class=\"elementor-element elementor-element-df6821e elementor-widget elementor-widget-text-editor\" data-id=\"df6821e\" data-element_type=\"widget\" data-widget_type=\"text-editor.default\">\n\t\t\t\t<div class=\"elementor-widget-container\">\n\t\t\t\t\t\t\t\t\t<p>Si prega di leggere attentamente i diversi termini di utilizzo di questo sito prima di navigare nelle sue pagine. Collegandoti a questo sito accetti questi termini e condizioni senza riserve. Inoltre, ai sensi dell&#8217;articolo n. 6 della legge n. 2004-575 del 21 giugno 2004 per la fiducia nell&#8217;economia digitale, le persone responsabili di questo sito web tylde.fr sono:<\/p><p>Redattore del sito:<\/p><p>Tylde<br \/>Responsabile editoriale: Tom Escolano<br \/>E-mail: tom[at]tylde.fr<\/p><p>Sito web: coach4you.life<\/p><p>Alloggio:<\/p><p>Presentatore: OVH<br \/>2 rue Kellermann \u2013 59100 Roubaix \u2013 Francia.<br \/>Sito web: www.ovh.com<\/p><p>Termini di utilizzo :<\/p><p>Questo sito (coach4you.life) \u00e8 offerto in diversi linguaggi web (HTML, HTML5, Javascript, CSS, ecc.) per una maggiore comodit\u00e0 di utilizzo, ti consigliamo di utilizzare browser moderni come Firefox, Safari, Google Chrome, ecc. \u2026<\/p><p>Tylde mette in atto tutti i mezzi a sua disposizione per garantire informazioni affidabili e un aggiornamento affidabile del proprio sito web. Tuttavia potrebbero verificarsi errori o omissioni. L&#8217;internauta deve quindi garantire l&#8217;accuratezza delle informazioni e segnalare eventuali modifiche al sito che ritiene utili. Tylde non \u00e8 in alcun modo responsabile dell&#8217;uso fatto di queste informazioni e di eventuali danni diretti o indiretti che ne potrebbero derivare.<\/p><p>Collegamenti ipertestuali: i siti Web possono offrire collegamenti ad altri siti Web o ad altre risorse disponibili su Internet. Tylde non ha alcun mezzo per controllare i siti collegati ai suoi siti web. Non risponde n\u00e9 garantisce la disponibilit\u00e0 di tali siti e fonti esterne. Non pu\u00f2 essere ritenuto responsabile per eventuali danni, di qualsiasi natura, derivanti dal contenuto di questi siti o da fonti esterne, e in particolare dalle informazioni, dai prodotti o dai servizi che offrono, o da qualsiasi uso che possa essere fatto di essi elementi. I rischi associati a questo utilizzo ricadono interamente sull&#8217;utente di Internet, che deve rispettare le sue condizioni d&#8217;uso.<\/p><p>Servizio fornito:<\/p><p>Tutte le attivit\u00e0 dell&#8217;azienda e le sue informazioni sono presentate sul nostro sito web coach4you.life.<\/p><p>Tylde si impegna a fornire informazioni quanto pi\u00f9 accurate possibile sul sito web coach4you.life. Le informazioni sul sito tylde.fr non sono esaustive e le foto non sono contrattuali. Vengono forniti soggetti a modifiche apportate da quando sono stati messi online. Inoltre, tutte le informazioni indicate sul sito coach4you.life sono fornite solo a scopo informativo e sono soggette a modifiche o evoluzioni senza preavviso.<\/p><p>Limitazioni contrattuali sui dati:<\/p><p>Le informazioni contenute in questo sito sono quanto pi\u00f9 accurate possibile e il sito viene aggiornato in diversi periodi dell&#8217;anno, ma potrebbero tuttavia contenere inesattezze o omissioni. Se noti una lacuna, un errore o quello che sembra un malfunzionamento, segnalalo via e-mail a tom[at]tylde.fr, descrivendo il problema nel modo pi\u00f9 preciso possibile (problema della pagina richiesta, tipo di computer e browser utilizzato, ecc. ).<\/p><p>Qualsiasi contenuto scaricato viene effettuato a rischio e pericolo dell&#8217;utente e sotto la sua esclusiva responsabilit\u00e0. Di conseguenza, non pu\u00f2 essere ritenuto responsabile per eventuali danni subiti dal computer dell&#8217;utente o per qualsiasi perdita di dati a seguito del download. Inoltre, l&#8217;utente del sito si impegna ad accedere al sito utilizzando apparecchiature recenti, non contenenti virus e con un browser aggiornato di ultima generazione.<\/p><p>I collegamenti ipertestuali creati nell&#8217;ambito di questo sito verso altre risorse presenti sulla rete Internet non possono impegnare la responsabilit\u00e0 di Tylde.<\/p><p>Propriet\u00e0 intellettuale :<\/p><p>Tutti i contenuti presenti sul sito coach4you.life, inclusi, a titolo esemplificativo, grafica, immagini, testi, video, animazioni, suoni, loghi, gif e icone nonch\u00e9 la loro formattazione sono di propriet\u00e0 esclusiva di Tylde at ad eccezione dei marchi, loghi o contenuti appartenenti ad altre aziende partner o autori.<\/p><p>Qualsiasi riproduzione, distribuzione, modifica, adattamento, ritrasmissione o pubblicazione, anche parziale, di questi vari elementi \u00e8 severamente vietata senza l&#8217;espresso consenso scritto di Tylde. Questa rappresentazione o riproduzione, con qualsiasi mezzo, costituisce una violazione punibile dagli articoli L.335-2 e seguenti del Codice della propriet\u00e0 intellettuale. Il mancato rispetto di tale divieto costituisce una violazione che pu\u00f2 comportare responsabilit\u00e0 civile e penale per il contravventore. Inoltre, i proprietari dei Contenuti copiati potrebbero intraprendere azioni legali contro di te.<\/p><p>Controversie:<\/p><p>Le presenti condizioni del sito coach4you.life sono regolate dalle leggi francesi e qualsiasi controversia o controversia che possa derivare dall&#8217;interpretazione o dall&#8217;esecuzione delle stesse sar\u00e0 di competenza esclusiva dei tribunali da cui dipende la sede della societ\u00e0. La lingua di riferimento per la risoluzione di eventuali controversie \u00e8 il francese.<\/p><p>Dati personali :<\/p><p>In generale, non sei tenuto a fornirci i tuoi dati personali quando visiti il \u200b\u200bnostro sito web coach4you.life.<\/p><p>Tuttavia, questo principio presenta alcune eccezioni. Infatti, per alcuni servizi offerti dal nostro sito, ti potrebbe essere richiesto di comunicarci alcuni dati come: il tuo nome, la tua posizione, il nome della tua azienda, il tuo indirizzo email e il tuo numero di telefono. Questo \u00e8 il caso quando compili il modulo che ti viene offerto online, nella sezione \u201ccontatti\u201d. In ogni caso puoi rifiutarti di fornire i tuoi dati personali. In questo caso non potrai usufruire dei servizi del sito, in particolare quello di richiedere informazioni sulla nostra azienda o ricevere newsletter.<\/p>\t\t\t\t\t\t\t\t<\/div>\n\t\t\t\t<\/div>\n\t\t\t\t\t<\/div>\n\t\t\t\t<\/div>\n\t\t\t\t<\/div>\n\t\t","protected":false},"excerpt":{"rendered":"<p>Avviso legale Si prega di leggere attentamente i diversi termini di utilizzo di questo sito prima di navigare nelle sue [&hellip;]<\/p>\n","protected":false},"author":1,"featured_media":0,"parent":0,"menu_order":0,"comment_status":"closed","ping_status":"closed","template":"","meta":{"_uag_custom_page_level_css":"","site-sidebar-layout":"default","site-content-layout":"","ast-site-content-layout":"default","site-content-style":"default","site-sidebar-style":"default","ast-global-header-display":"","ast-banner-title-visibility":"","ast-main-header-display":"","ast-hfb-above-header-display":"","ast-hfb-below-header-display":"","ast-hfb-mobile-header-display":"","site-post-title":"","ast-breadcrumbs-content":"","ast-featured-img":"","footer-sml-layout":"","theme-transparent-header-meta":"","adv-header-id-meta":"","stick-header-meta":"","header-above-stick-meta":"","header-main-stick-meta":"","header-below-stick-meta":"","astra-migrate-meta-layouts":"default","ast-page-background-enabled":"default","ast-page-background-meta":{"desktop":{"background-color":"var(--ast-global-color-4)","background-image":"","background-repeat":"repeat","background-position":"center center","background-size":"auto","background-attachment":"scroll","background-type":"","background-media":"","overlay-type":"","overlay-color":"","overlay-opacity":"","overlay-gradient":""},"tablet":{"background-color":"","background-image":"","background-repeat":"repeat","background-position":"center center","background-size":"auto","background-attachment":"scroll","background-type":"","background-media":"","overlay-type":"","overlay-color":"","overlay-opacity":"","overlay-gradient":""},"mobile":{"background-color":"","background-image":"","background-repeat":"repeat","background-position":"center center","background-size":"auto","background-attachment":"scroll","background-type":"","background-media":"","overlay-type":"","overlay-color":"","overlay-opacity":"","overlay-gradient":""}},"ast-content-background-meta":{"desktop":{"background-color":"var(--ast-global-color-5)","background-image":"","background-repeat":"repeat","background-position":"center center","background-size":"auto","background-attachment":"scroll","background-type":"","background-media":"","overlay-type":"","overlay-color":"","overlay-opacity":"","overlay-gradient":""},"tablet":{"background-color":"var(--ast-global-color-5)","background-image":"","background-repeat":"repeat","background-position":"center center","background-size":"auto","background-attachment":"scroll","background-type":"","background-media":"","overlay-type":"","overlay-color":"","overlay-opacity":"","overlay-gradient":""},"mobile":{"background-color":"var(--ast-global-color-5)","background-image":"","background-repeat":"repeat","background-position":"center center","background-size":"auto","background-attachment":"scroll","background-type":"","background-media":"","overlay-type":"","overlay-color":"","overlay-opacity":"","overlay-gradient":""}},"footnotes":""},"class_list":["post-2049","page","type-page","status-publish","hentry"],"uagb_featured_image_src":{"full":false,"thumbnail":false,"medium":false,"medium_large":false,"large":false,"1536x1536":false,"2048x2048":false,"trp-custom-language-flag":false},"uagb_author_info":{"display_name":"admin4495","author_link":"https:\/\/coach4you.life\/fr\/author\/admin4495\/"},"uagb_comment_info":0,"uagb_excerpt":"Avviso legale Si prega di leggere attentamente i diversi termini di utilizzo di questo sito prima di navigare nelle sue [&hellip;]","_links":{"self":[{"href":"https:\/\/coach4you.life\/fr\/wp-json\/wp\/v2\/pages\/2049","targetHints":{"allow":["GET"]}}],"collection":[{"href":"https:\/\/coach4you.life\/fr\/wp-json\/wp\/v2\/pages"}],"about":[{"href":"https:\/\/coach4you.life\/fr\/wp-json\/wp\/v2\/types\/page"}],"author":[{"embeddable":true,"href":"https:\/\/coach4you.life\/fr\/wp-json\/wp\/v2\/users\/1"}],"replies":[{"embeddable":true,"href":"https:\/\/coach4you.life\/fr\/wp-json\/wp\/v2\/comments?post=2049"}],"version-history":[{"count":4,"href":"https:\/\/coach4you.life\/fr\/wp-json\/wp\/v2\/pages\/2049\/revisions"}],"predecessor-version":[{"id":2055,"href":"https:\/\/coach4you.life\/fr\/wp-json\/wp\/v2\/pages\/2049\/revisions\/2055"}],"wp:attachment":[{"href":"https:\/\/coach4you.life\/fr\/wp-json\/wp\/v2\/media?parent=2049"}],"curies":[{"name":"wp","href":"https:\/\/api.w.org\/{rel}","templated":true}]}}